{"id":48,"date":"2018-11-11T18:40:50","date_gmt":"2018-11-11T18:40:50","guid":{"rendered":"https:\/\/www.plaback.de\/?page_id=48"},"modified":"2019-10-22T09:04:25","modified_gmt":"2019-10-22T09:04:25","slug":"produkte","status":"publish","type":"page","link":"https:\/\/www.plaback.de\/?page_id=48","title":{"rendered":"Produkte"},"content":{"rendered":"<p><strong>Leckere Vielfalt<\/strong><\/p>\n<p>Wir sind f\u00fcr Sie da \u2013 zu jedem Anlass: Ob Br\u00f6tchen f\u00fcr das Fr\u00fchst\u00fcck zu zweit oder Sauerteigbrot zum herzhaften Abendessen, ob Streuselkuchen zur kleinen Feier oder unsere dreist\u00f6ckige Sahnetorte zur Hochzeitsparty, unser Backwerk passt immer. Greifen Sie zu!<\/p>\n<p><img decoding=\"async\" loading=\"lazy\" class=\"alignleft wp-image-50\" src=\"https:\/\/www.plaback.de\/wp-content\/uploads\/2018\/11\/Brote-2.jpg\" alt=\"\" width=\"452\" height=\"413\" srcset=\"https:\/\/www.plaback.de\/wp-content\/uploads\/2018\/11\/Brote-2.jpg 460w, https:\/\/www.plaback.de\/wp-content\/uploads\/2018\/11\/Brote-2-300x274.jpg 300w\" sizes=\"(max-width: 452px) 100vw, 452px\" \/><br \/>\n<strong>Darum beneidet uns die Welt!<\/strong><\/p>\n<p>Um unser Brot beneidet uns die Welt! Denn nur in Deutschland gibt es diese gro\u00dfe Auswahl verschiedenster Brotsorten von hell bis dunkel, von s\u00fc\u00df bis herzhaft, von luftig weich bis knusprig. Wir bei Plaback haben mehr als 15 Brotsorten im Angebot, von unserem Natursauerteig haben Sie vielleicht auch schon einmal geh\u00f6rt. Da ist f\u00fcr jeden Geschmack etwas dabei!<\/p>\n<p><strong>L\u00e4uft Ihnen schon das Wasser im Munde zusammen?<\/strong><\/p>\n<p>Wir backen und kreieren f\u00fcr unser Leben gern! In unserer Konditorei entstehen t\u00e4glich zahlreiche Torten, auch in individueller Ausf\u00fchrung. Neben Sahnetorten mit Fr\u00fcchten, Cappucchino oder Eierlik\u00f6r, entstehen Baisertorten in verschiedenen Gr\u00f6\u00dfen, Bildertorten f\u00fcr jeden Anlass und Hochzeitstoren ganz nach Ihrem Geschmack in Form, Farbe und Ausf\u00fchrung. Wenn Ihnen jetzt das Wasser im Munde zusammenl\u00e4uft, kommen Sie schnell in eine unserer Filialen in Plauen.<\/p>\n<p><strong>F\u00fcr zwischendurch oder zum Kaffee<\/strong><\/p>\n<p>Beim Backen macht uns so leicht niemand etwas vor. Wir haben eine gro\u00dfe Auswahl an leckeren Kuchen, unter anderem aus Hefe-, M\u00fcrbe-, R\u00fchr-, Bl\u00e4tter- und Brandteig: Ideal als Snack f\u00fcr zwischendurch oder gediegen zum nachmittaglichen Kaffee.<\/p>\n<p><strong>Klein, aber fein!<\/strong><\/p>\n<p><img decoding=\"async\" loading=\"lazy\" class=\"wp-image-49 alignleft\" src=\"https:\/\/www.plaback.de\/wp-content\/uploads\/2018\/11\/Baisertorte.jpg\" alt=\"Baisertorte\" width=\"452\" height=\"298\" srcset=\"https:\/\/www.plaback.de\/wp-content\/uploads\/2018\/11\/Baisertorte.jpg 600w, https:\/\/www.plaback.de\/wp-content\/uploads\/2018\/11\/Baisertorte-300x198.jpg 300w\" sizes=\"(max-width: 452px) 100vw, 452px\" \/><\/p>\n<p>Ob Weizenmehlsemmel oder Vollkornbr\u00f6tchen \u2013 wir treffen immer den richtigen Geschmack. Mit unserer gro\u00dfen Auswahl an Br\u00f6tchen kommt niemand zu kurz. Probieren Sie es einfach einmal aus!<\/p>\n<p><strong>Nicht nur zu Weihnachten!<\/strong><br \/>\nWir backen das ganze Jahr und das mit Leidenschaft. T\u00e4glich entstehen in unserer Backstube neue kleine Kunstwerke. Unsere Pl\u00e4tzchen schmecken bestimmt auch Ihnen! \u00dcberzeugen Sie sich einfach.<\/p>\n<p>&nbsp;<\/p>\n","protected":false},"excerpt":{"rendered":"<p>Leckere Vielfalt Wir sind f\u00fcr Sie da \u2013 zu jedem Anlass: Ob Br\u00f6tchen f\u00fcr das Fr\u00fchst\u00fcck zu zweit oder Sauerteigbrot zum herzhaften Abendessen, ob Streuselkuchen zur kleinen Feier oder unsere dreist\u00f6ckige Sahnetorte zur Hochzeitsparty, unser Backwerk passt immer. Greifen Sie zu! Darum beneidet uns die Welt! Um unser Brot beneidet uns die Welt! Denn nur in Deutschland gibt es diese gro\u00dfe Auswahl verschiedenster Brotsorten von hell bis dunkel, von s\u00fc\u00df bis herzhaft, von luftig weich bis knusprig. Wir bei Plaback haben mehr als 15 Brotsorten im Angebot, von unserem Natursauerteig haben Sie vielleicht auch schon einmal geh\u00f6rt. Da ist f\u00fcr jeden Geschmack etwas dabei! L\u00e4uft Ihnen schon das Wasser im Munde zusammen? Wir backen und kreieren f\u00fcr unser Leben gern! In unserer Konditorei entstehen t\u00e4glich zahlreiche Torten, auch in individueller Ausf\u00fchrung. Neben Sahnetorten mit Fr\u00fcchten, Cappucchino oder Eierlik\u00f6r, entstehen Baisertorten in verschiedenen Gr\u00f6\u00dfen, Bildertorten f\u00fcr jeden Anlass und Hochzeitstoren ganz nach Ihrem Geschmack in Form, Farbe und Ausf\u00fchrung. Wenn Ihnen jetzt das Wasser im Munde zusammenl\u00e4uft, kommen Sie schnell in eine unserer Filialen in Plauen. F\u00fcr zwischendurch oder zum Kaffee Beim Backen macht uns so leicht niemand etwas vor. Wir haben eine gro\u00dfe Auswahl an leckeren Kuchen, unter anderem aus Hefe-, M\u00fcrbe-, R\u00fchr-, Bl\u00e4tter- und Brandteig: Ideal als Snack f\u00fcr zwischendurch oder gediegen zum nachmittaglichen Kaffee. Klein, aber fein! Ob Weizenmehlsemmel oder Vollkornbr\u00f6tchen \u2013 wir treffen immer den richtigen Geschmack. Mit unserer gro\u00dfen Auswahl an Br\u00f6tchen kommt niemand zu kurz. Probieren Sie es einfach einmal aus! Nicht nur zu Weihnachten! Wir backen das ganze Jahr und das mit Leidenschaft. T\u00e4glich entstehen in unserer Backstube neue kleine Kunstwerke. Unsere Pl\u00e4tzchen schmecken bestimmt auch Ihnen! \u00dcberzeugen Sie sich einfach. &nbsp;<\/p>\n","protected":false},"author":1,"featured_media":0,"parent":0,"menu_order":0,"comment_status":"closed","ping_status":"closed","template":"","meta":[],"_links":{"self":[{"href":"https:\/\/www.plaback.de\/index.php?rest_route=\/wp\/v2\/pages\/48"}],"collection":[{"href":"https:\/\/www.plaback.de\/index.php?rest_route=\/wp\/v2\/pages"}],"about":[{"href":"https:\/\/www.plaback.de\/index.php?rest_route=\/wp\/v2\/types\/page"}],"author":[{"embeddable":true,"href":"https:\/\/www.plaback.de\/index.php?rest_route=\/wp\/v2\/users\/1"}],"replies":[{"embeddable":true,"href":"https:\/\/www.plaback.de\/index.php?rest_route=%2Fwp%2Fv2%2Fcomments&post=48"}],"version-history":[{"count":7,"href":"https:\/\/www.plaback.de\/index.php?rest_route=\/wp\/v2\/pages\/48\/revisions"}],"predecessor-version":[{"id":95,"href":"https:\/\/www.plaback.de\/index.php?rest_route=\/wp\/v2\/pages\/48\/revisions\/95"}],"wp:attachment":[{"href":"https:\/\/www.plaback.de\/index.php?rest_route=%2Fwp%2Fv2%2Fmedia&parent=48"}],"curies":[{"name":"wp","href":"https:\/\/api.w.org\/{rel}","templated":true}]}}