{"id":7,"date":"2018-05-16T18:55:06","date_gmt":"2018-05-16T18:55:06","guid":{"rendered":"https:\/\/www.plaback.de\/?page_id=7"},"modified":"2025-10-29T13:56:17","modified_gmt":"2025-10-29T13:56:17","slug":"startseite","status":"publish","type":"page","link":"https:\/\/www.plaback.de\/","title":{"rendered":"Willkommen bei der Plauener Backwaren GmbH"},"content":{"rendered":"<p>Kommen Sie zu uns, auf einen gen\u00fcsslichen Streifzug in die Welt der s\u00fc\u00dfen oder auch herzhaften Verf\u00fchrungen. Entdecken Sie handwerklich gefertigte Backspezialit\u00e4ten unseres Hauses, g\u00f6nnen Sie sich feinste Kuchen und Torten aus unserer Konditorei. In unserer Backstube verarbeiten wir ausschlie\u00dflich Natursauerteig f\u00fcr die Brotherstellung und bevorzugen bei Weizenteig eine lange Teigf\u00fchrung. Um f\u00fcr Sie die bekannte, t\u00e4glich hohe Qualit\u00e4t zu liefern, verwenden wir nur beste Rohstoffe. Und nat\u00fcrlich bedeutet Brotbacken f\u00fcr uns noch immer reines B\u00e4ckerhandwerk.<\/p>\n<p><em>Ihre Plauener Backwaren GmbH<\/em><\/p>\n<h1><em>30.1.1950 &#8211; 30.1.2025: 75 Jahre Backwaren aus Plauen<\/em><\/h1>\n<h1><em>75 Jahre Plaback &#8211; 75 Jahre zufriedene Kunden &#8211; Danke!<\/em><\/h1>\n<p><strong>Im Vogtland pr\u00e4sent!<\/strong><\/p>\n<p>Die Plaback ruht sich nicht auf ihren Br\u00f6tchen aus. Unser Unternehmen gestaltet vielf\u00e4ltige Aktionen und rundet mit ihrem Angebot Veranstaltungen in Plauen und Umgebung ab. Zu Weihnachten laden wir regelm\u00e4\u00dfig zahlreiche Kinder zum Pl\u00e4tzchenbacken ein. Wir haben unser Filialnetz in 2025 erweitert. Ab sofort bekommen Sie unsere bew\u00e4hrten Produkte auch in Oelsnitz. In der ehemaligen B\u00f6rner-Filiale am Markt empfangen wir unsere Kunden. Alle Neuigkeiten \u00fcber uns finden Sie hier.<\/p>\n<p><strong>Wir haben f\u00fcr Sie in 2025 umgebaut &#8211; Unsere Filiale im Elsterpark Plauen erstrahlt in neuem Design. Neben unseren geschmackvollen Backwaren, einem herzhaften Fr\u00fchst\u00fccksangebot gibt es auch unser beliebtes Softeis. Schauen Sie bei uns vorbei&#8230;<\/strong><\/p>\n<p><strong>Wir freuen uns auf Ihren Besuch!<\/strong><\/p>\n","protected":false},"excerpt":{"rendered":"<p>Kommen Sie zu uns, auf einen gen\u00fcsslichen Streifzug in die Welt der s\u00fc\u00dfen oder auch herzhaften Verf\u00fchrungen. Entdecken Sie handwerklich gefertigte Backspezialit\u00e4ten unseres Hauses, g\u00f6nnen Sie sich feinste Kuchen und Torten aus unserer Konditorei. In unserer Backstube verarbeiten wir ausschlie\u00dflich Natursauerteig f\u00fcr die Brotherstellung und bevorzugen bei Weizenteig eine lange Teigf\u00fchrung. Um f\u00fcr Sie die bekannte, t\u00e4glich hohe Qualit\u00e4t zu liefern, verwenden wir nur beste Rohstoffe. Und nat\u00fcrlich bedeutet Brotbacken f\u00fcr uns noch immer reines B\u00e4ckerhandwerk. Ihre Plauener Backwaren GmbH 30.1.1950 &#8211; 30.1.2025: 75 Jahre Backwaren aus Plauen 75 Jahre Plaback &#8211; 75 Jahre zufriedene Kunden &#8211; Danke! Im Vogtland pr\u00e4sent! Die Plaback ruht sich nicht auf ihren Br\u00f6tchen aus. Unser Unternehmen gestaltet vielf\u00e4ltige Aktionen und rundet mit ihrem Angebot Veranstaltungen in Plauen und Umgebung ab. Zu Weihnachten laden wir regelm\u00e4\u00dfig zahlreiche Kinder zum Pl\u00e4tzchenbacken ein. Wir haben unser Filialnetz in 2025 erweitert. Ab sofort bekommen Sie unsere bew\u00e4hrten Produkte auch in Oelsnitz. In der ehemaligen B\u00f6rner-Filiale am Markt empfangen wir unsere Kunden. Alle Neuigkeiten \u00fcber uns finden Sie hier. Wir haben f\u00fcr Sie in 2025 umgebaut &#8211; Unsere Filiale im Elsterpark Plauen erstrahlt in neuem Design. Neben unseren geschmackvollen Backwaren, einem herzhaften Fr\u00fchst\u00fccksangebot gibt es auch unser beliebtes Softeis. Schauen Sie bei uns vorbei&#8230; Wir freuen uns auf Ihren Besuch!<\/p>\n","protected":false},"author":1,"featured_media":0,"parent":0,"menu_order":0,"comment_status":"closed","ping_status":"closed","template":"","meta":[],"_links":{"self":[{"href":"https:\/\/www.plaback.de\/index.php?rest_route=\/wp\/v2\/pages\/7"}],"collection":[{"href":"https:\/\/www.plaback.de\/index.php?rest_route=\/wp\/v2\/pages"}],"about":[{"href":"https:\/\/www.plaback.de\/index.php?rest_route=\/wp\/v2\/types\/page"}],"author":[{"embeddable":true,"href":"https:\/\/www.plaback.de\/index.php?rest_route=\/wp\/v2\/users\/1"}],"replies":[{"embeddable":true,"href":"https:\/\/www.plaback.de\/index.php?rest_route=%2Fwp%2Fv2%2Fcomments&post=7"}],"version-history":[{"count":8,"href":"https:\/\/www.plaback.de\/index.php?rest_route=\/wp\/v2\/pages\/7\/revisions"}],"predecessor-version":[{"id":214,"href":"https:\/\/www.plaback.de\/index.php?rest_route=\/wp\/v2\/pages\/7\/revisions\/214"}],"wp:attachment":[{"href":"https:\/\/www.plaback.de\/index.php?rest_route=%2Fwp%2Fv2%2Fmedia&parent=7"}],"curies":[{"name":"wp","href":"https:\/\/api.w.org\/{rel}","templated":true}]}}